{"id":1468,"date":"2024-05-23T13:42:03","date_gmt":"2024-05-23T13:42:03","guid":{"rendered":"https:\/\/staging.studiommooy.com\/echantillonnage\/"},"modified":"2024-11-20T04:00:21","modified_gmt":"2024-11-20T04:00:21","slug":"collaboration","status":"publish","type":"page","link":"https:\/\/ecdeschepper.com\/fr\/collaboration\/","title":{"rendered":"COLLABORATION"},"content":{"rendered":"<p>[et_pb_section fb_built=\u00a0\u00bb1&Prime; _builder_version=\u00a0\u00bb4.24.2&Prime; _module_preset=\u00a0\u00bbdefault\u00a0\u00bb background_color=\u00a0\u00bbRGBA(255,255,255,0)\u00a0\u00bb background_image=\u00a0\u00bbhttp:\/\/ecdeschepper.com\/wp-content\/uploads\/2024\/05\/84A74164-F637-4C87-BD28-2E711D8F4089-scaled.jpeg\u00a0\u00bb positioning=\u00a0\u00bbabsolute\u00a0\u00bb position_origin_a=\u00a0\u00bbtop_center\u00a0\u00bb vertical_offset=\u00a0\u00bb-224px\u00a0\u00bb custom_margin=\u00a0\u00bb||0px||false|false\u00a0\u00bb custom_padding=\u00a0\u00bb22.1%||22.4%||false|false\u00a0\u00bb global_colors_info=\u00a0\u00bb{}\u00a0\u00bb][et_pb_row _builder_version=\u00a0\u00bb4.24.2&Prime; _module_preset=\u00a0\u00bbdefault\u00a0\u00bb global_colors_info=\u00a0\u00bb{}\u00a0\u00bb][et_pb_column type=\u00a0\u00bb4_4&Prime; _builder_version=\u00a0\u00bb4.24.2&Prime; _module_preset=\u00a0\u00bbdefault\u00a0\u00bb global_colors_info=\u00a0\u00bb{}\u00a0\u00bb][et_pb_text _builder_version=\u00a0\u00bb4.24.2&Prime; _module_preset=\u00a0\u00bbdefault\u00a0\u00bb text_text_color=\u00a0\u00bb#FFFFFF\u00a0\u00bb text_font_size=\u00a0\u00bb5vw\u00a0\u00bb text_orientation=\u00a0\u00bbcenter\u00a0\u00bb global_colors_info=\u00a0\u00bb{}\u00a0\u00bb]<\/p>\n<p>FILM<\/p>\n<p>[\/et_pb_text][\/et_pb_column][\/et_pb_row][\/et_pb_section][et_pb_section fb_built=\u00a0\u00bb1&Prime; custom_padding_last_edited=\u00a0\u00bbon|phone\u00a0\u00bb _builder_version=\u00a0\u00bb4.27.3&Prime; _module_preset=\u00a0\u00bbdefault\u00a0\u00bb background_color=\u00a0\u00bb#faf8f2&Prime; custom_padding_tablet=\u00a0\u00bb\u00a0\u00bb custom_padding_phone=\u00a0\u00bb25px||||false|false\u00a0\u00bb global_colors_info=\u00a0\u00bb{}\u00a0\u00bb][et_pb_row column_structure=\u00a0\u00bb1_2,1_2&Prime; use_custom_gutter=\u00a0\u00bbon\u00a0\u00bb custom_padding_last_edited=\u00a0\u00bbon|phone\u00a0\u00bb _builder_version=\u00a0\u00bb4.27.3&Prime; _module_preset=\u00a0\u00bbdefault\u00a0\u00bb background_color=\u00a0\u00bb#faf8f2&Prime; width=\u00a0\u00bb85%\u00a0\u00bb max_width=\u00a0\u00bb85%\u00a0\u00bb custom_margin_tablet=\u00a0\u00bb\u00a0\u00bb custom_margin_phone=\u00a0\u00bb0px||||false|false\u00a0\u00bb custom_margin_last_edited=\u00a0\u00bbon|phone\u00a0\u00bb custom_padding=\u00a0\u00bb1px||||false|false\u00a0\u00bb custom_padding_tablet=\u00a0\u00bb1px||||false|false\u00a0\u00bb custom_padding_phone=\u00a0\u00bb0px||||false|false\u00a0\u00bb global_colors_info=\u00a0\u00bb{}\u00a0\u00bb][et_pb_column type=\u00a0\u00bb1_2&Prime; disabled_on=\u00a0\u00bbon|on|off\u00a0\u00bb _builder_version=\u00a0\u00bb4.24.2&Prime; _module_preset=\u00a0\u00bbdefault\u00a0\u00bb global_colors_info=\u00a0\u00bb{}\u00a0\u00bb][et_pb_image src=\u00a0\u00bbhttp:\/\/ecdeschepper.com\/wp-content\/uploads\/2024\/09\/BF4C66EF-A3EB-42C9-8103-4747211361C8-min-scaled.jpeg\u00a0\u00bb title_text=\u00a0\u00bbBF4C66EF-A3EB-42C9-8103-4747211361C8-min\u00a0\u00bb _builder_version=\u00a0\u00bb4.27.3&Prime; _module_preset=\u00a0\u00bbdefault\u00a0\u00bb custom_margin=\u00a0\u00bb-4px|||||\u00a0\u00bb hover_enabled=\u00a0\u00bb0&Prime; global_colors_info=\u00a0\u00bb{}\u00a0\u00bb sticky_enabled=\u00a0\u00bb0&Prime;][\/et_pb_image][\/et_pb_column][et_pb_column type=\u00a0\u00bb1_2&Prime; _builder_version=\u00a0\u00bb4.27.3&Prime; _module_preset=\u00a0\u00bbdefault\u00a0\u00bb custom_padding_tablet=\u00a0\u00bb7%|7%|7%|7%|true|true\u00a0\u00bb custom_padding_phone=\u00a0\u00bb7%|0%|7%|0%|true|true\u00a0\u00bb custom_padding_last_edited=\u00a0\u00bbon|tablet\u00a0\u00bb global_colors_info=\u00a0\u00bb{}\u00a0\u00bb][et_pb_text _builder_version=\u00a0\u00bb4.27.3&Prime; _module_preset=\u00a0\u00bbdefault\u00a0\u00bb text_font=\u00a0\u00bbAboreto||||||||\u00a0\u00bb text_text_color=\u00a0\u00bb#000000&Prime; text_font_size=\u00a0\u00bb50px\u00a0\u00bb text_letter_spacing=\u00a0\u00bb3px\u00a0\u00bb text_orientation=\u00a0\u00bbcenter\u00a0\u00bb min_height=\u00a0\u00bb36.8px\u00a0\u00bb custom_padding_tablet=\u00a0\u00bb\u00a0\u00bb custom_padding_phone=\u00a0\u00bb|0px||0px|false|true\u00a0\u00bb custom_padding_last_edited=\u00a0\u00bbon|phone\u00a0\u00bb text_font_size_tablet=\u00a0\u00bb50px\u00a0\u00bb text_font_size_phone=\u00a0\u00bb29px\u00a0\u00bb text_font_size_last_edited=\u00a0\u00bbon|phone\u00a0\u00bb locked=\u00a0\u00bboff\u00a0\u00bb global_colors_info=\u00a0\u00bb{}\u00a0\u00bb]<\/p>\n<p style=\"text-align: left;\">Prendre contact<\/p>\n<p>[\/et_pb_text][et_pb_text _builder_version=\u00a0\u00bb4.27.3&Prime; _module_preset=\u00a0\u00bbdefault\u00a0\u00bb text_font=\u00a0\u00bbManrope|300|||||||\u00a0\u00bb text_text_color=\u00a0\u00bb#000000&Prime; text_font_size=\u00a0\u00bb16px\u00a0\u00bb text_line_height=\u00a0\u00bb1.8em\u00a0\u00bb custom_margin=\u00a0\u00bb5.7%||||false|false\u00a0\u00bb custom_padding=\u00a0\u00bb|0px||0px|false|true\u00a0\u00bb global_colors_info=\u00a0\u00bb{}\u00a0\u00bb]<\/p>\n<p><span>Vous \u00eates int\u00e9ress\u00e9 par un rafra\u00eechissement ou une r\u00e9novation totale?<\/span><\/p>\n<p><span>Alors contactez-nous pour un s\u00e9ance sans engagement. <br \/>E.C. DE SCHEPPER DESIGN TEAM se fera un plaisir de venir vous rencontrer !<\/span><\/p>\n<p><span><\/span><\/p>\n<p><span>Apr\u00e8s cette s\u00e9ance de brainstorming au cours de laquelle les exp\u00e9riences sont partag\u00e9es et les attentes r\u00e9pertori\u00e9es, nous d\u00e9veloppons un concept personnalis\u00e9 pour un \u00ab\u00a0int\u00e9rieur d&rsquo;exp\u00e9rience\u00a0\u00bb<\/span><span><\/span><\/p>\n<p>[\/et_pb_text][et_pb_button button_url=\u00a0\u00bb@ET-DC@eyJkeW5hbWljIjp0cnVlLCJjb250ZW50IjoicG9zdF9saW5rX3VybF9wYWdlIiwic2V0dGluZ3MiOnsicG9zdF9pZCI6IjY5In19@\u00a0\u00bb button_text=\u00a0\u00bbPrendre contact\u00a0\u00bb button_alignment=\u00a0\u00bbleft\u00a0\u00bb _builder_version=\u00a0\u00bb4.24.2&Prime; _dynamic_attributes=\u00a0\u00bbbutton_url\u00a0\u00bb _module_preset=\u00a0\u00bbdefault\u00a0\u00bb custom_button=\u00a0\u00bbon\u00a0\u00bb button_text_size=\u00a0\u00bb13px\u00a0\u00bb button_text_color=\u00a0\u00bb#000000&Prime; button_letter_spacing=\u00a0\u00bb2px\u00a0\u00bb button_font=\u00a0\u00bb|||on|||||\u00a0\u00bb custom_margin=\u00a0\u00bb37px|||||\u00a0\u00bb custom_padding=\u00a0\u00bb10px|24px|10px|24px|true|true\u00a0\u00bb locked=\u00a0\u00bboff\u00a0\u00bb global_colors_info=\u00a0\u00bb{}\u00a0\u00bb button_text_color__hover=\u00a0\u00bb#FFFFFF\u00a0\u00bb button_text_color__hover_enabled=\u00a0\u00bbon|hover\u00a0\u00bb button_bg_color__hover=\u00a0\u00bb#241d23&Prime; button_bg_color__hover_enabled=\u00a0\u00bbon|hover\u00a0\u00bb button_border_color__hover=\u00a0\u00bb#000000&Prime; button_border_color__hover_enabled=\u00a0\u00bbon|hover\u00a0\u00bb button_bg_enable_color__hover=\u00a0\u00bbon\u00a0\u00bb][\/et_pb_button][\/et_pb_column][\/et_pb_row][\/et_pb_section][et_pb_section fb_built=\u00a0\u00bb1&Prime; custom_padding_last_edited=\u00a0\u00bbon|tablet\u00a0\u00bb _builder_version=\u00a0\u00bb4.24.2&Prime; _module_preset=\u00a0\u00bbdefault\u00a0\u00bb background_color=\u00a0\u00bbgcid-8a0e5763-e86f-4486-9bc6-d8a132acfc5f\u00a0\u00bb custom_margin=\u00a0\u00bb0px||0px||true|false\u00a0\u00bb custom_padding=\u00a0\u00bb6.1%||0px||false|false\u00a0\u00bb custom_padding_tablet=\u00a0\u00bb9%||0px||false|false\u00a0\u00bb custom_padding_phone=\u00a0\u00bb10.5%||0px||false|false\u00a0\u00bb global_colors_info=\u00a0\u00bb{%22gcid-8a0e5763-e86f-4486-9bc6-d8a132acfc5f%22:%91%22background_color%22%93}\u00a0\u00bb][et_pb_row _builder_version=\u00a0\u00bb4.24.2&Prime; _module_preset=\u00a0\u00bbdefault\u00a0\u00bb width_tablet=\u00a0\u00bb91%\u00a0\u00bb width_phone=\u00a0\u00bb90%\u00a0\u00bb width_last_edited=\u00a0\u00bbon|phone\u00a0\u00bb custom_margin=\u00a0\u00bb0px||0px||true|false\u00a0\u00bb custom_padding=\u00a0\u00bb0px||0px||true|false\u00a0\u00bb global_colors_info=\u00a0\u00bb{}\u00a0\u00bb][et_pb_column type=\u00a0\u00bb4_4&Prime; _builder_version=\u00a0\u00bb4.24.2&Prime; _module_preset=\u00a0\u00bbdefault\u00a0\u00bb global_colors_info=\u00a0\u00bb{}\u00a0\u00bb][et_pb_text _builder_version=\u00a0\u00bb4.24.2&Prime; _module_preset=\u00a0\u00bbdefault\u00a0\u00bb text_font=\u00a0\u00bbAboreto||||||||\u00a0\u00bb text_text_color=\u00a0\u00bb#FFFFFF\u00a0\u00bb text_font_size=\u00a0\u00bb50px\u00a0\u00bb text_letter_spacing=\u00a0\u00bb3px\u00a0\u00bb text_orientation=\u00a0\u00bbcenter\u00a0\u00bb min_height=\u00a0\u00bb36.8px\u00a0\u00bb text_font_size_tablet=\u00a0\u00bb35px\u00a0\u00bb text_font_size_phone=\u00a0\u00bb31px\u00a0\u00bb text_font_size_last_edited=\u00a0\u00bbon|phone\u00a0\u00bb locked=\u00a0\u00bboff\u00a0\u00bb global_colors_info=\u00a0\u00bb{}\u00a0\u00bb]<\/p>\n<p>Comment travaillons-nous?<\/p>\n<p>[\/et_pb_text][et_pb_text _builder_version=\u00a0\u00bb4.24.2&Prime; _module_preset=\u00a0\u00bbdefault\u00a0\u00bb text_font=\u00a0\u00bbAboreto||||||||\u00a0\u00bb text_text_color=\u00a0\u00bbrgba(209,209,209,0.29)\u00a0\u00bb text_font_size=\u00a0\u00bb50px\u00a0\u00bb text_letter_spacing=\u00a0\u00bb37px\u00a0\u00bb z_index=\u00a0\u00bb-153&Prime; text_orientation=\u00a0\u00bbcenter\u00a0\u00bb custom_margin=\u00a0\u00bb-33px||||false|false\u00a0\u00bb text_font_size_tablet=\u00a0\u00bb30px\u00a0\u00bb text_font_size_phone=\u00a0\u00bb30px\u00a0\u00bb text_font_size_last_edited=\u00a0\u00bbon|tablet\u00a0\u00bb text_letter_spacing_tablet=\u00a0\u00bb37px\u00a0\u00bb text_letter_spacing_phone=\u00a0\u00bb6px\u00a0\u00bb text_letter_spacing_last_edited=\u00a0\u00bbon|phone\u00a0\u00bb locked=\u00a0\u00bboff\u00a0\u00bb global_colors_info=\u00a0\u00bb{}\u00a0\u00bb]<\/p>\n<p>PLAN D&rsquo;\u00c9TAPES<\/p>\n<p>[\/et_pb_text][et_pb_text _builder_version=\u00a0\u00bb4.24.2&Prime; _module_preset=\u00a0\u00bbdefault\u00a0\u00bb text_font=\u00a0\u00bbManrope||||||||\u00a0\u00bb text_text_color=\u00a0\u00bb#faf8f2&Prime; text_font_size=\u00a0\u00bb15px\u00a0\u00bb text_line_height=\u00a0\u00bb1.8em\u00a0\u00bb custom_margin=\u00a0\u00bb40px|||||\u00a0\u00bb custom_padding=\u00a0\u00bb0.8%||||false|false\u00a0\u00bb global_colors_info=\u00a0\u00bb{}\u00a0\u00bb]<\/p>\n<p style=\"text-align: center;\">1. <span><\/span><span>VISITEZ :<\/span><\/p>\n<p style=\"text-align: center;\"><span>Apr\u00e8s avoir pris contact, l&rsquo;un de nos architectes vous rendra visite sans engagement pour<\/span> <span>une s\u00e9ance de brainstorming!<\/span><\/p>\n<p style=\"text-align: center;\"><span><\/span><span>2. L&rsquo;AVANT-PROJET :<\/span><\/p>\n<p style=\"text-align: center;\">\u00ab\u00a0<span>ECDS DESIGNTEAM\u00a0\u00bb cr\u00e9e un avant-projet avec une estimation pr\u00e9cis<\/span>, <span>afin d&rsquo;\u00e9viter des surprises.<\/span><\/p>\n<p style=\"text-align: center;\"><span><\/span><span>3. CONCEPTION FINALE ET DEVIS :<\/span><\/p>\n<p style=\"text-align: center;\"><span>La conception est d\u00e9velopp\u00e9e en un conception final<\/span>, <span>en tenant compte des moindres d\u00e9tails.<\/span> <span>Apr\u00e8s approbation du conception final, un devis est pr\u00e9par\u00e9<\/span> <span>ainsi qu&rsquo;un planning d\u00e9taill\u00e9.<\/span><\/p>\n<p style=\"text-align: center;\"><span><\/span><span>4. EXECUTION :<\/span><\/p>\n<p style=\"text-align: center;\"><span>Apr\u00e8s approbation du devis, les dessins de production sont pr\u00e9par\u00e9s <\/span><span>et les commandes sont pass\u00e9es.<\/span> <span>Le d\u00e9partement de production, \u00ab\u00a0ECDS FACTORY\u00a0\u00bb, commence la production des meubles, suivi par les travaux sur le chantier<\/span><\/p>\n<p style=\"text-align: center;\"><span>5. <\/span><span>SERVICE APRES-VENTE:<\/span><\/p>\n<p style=\"text-align: center;\"><span>Gr\u00e2ce \u00e0 nos propres \u00e9quipes de production et d&rsquo;installation, nous pouvons vous fournir un service apr\u00e8s-vente parfait.<\/span><\/p>\n<div dir=\"ltr\" style=\"text-align: center;\"><\/div>\n<p>[\/et_pb_text][et_pb_button button_url=\u00a0\u00bb@ET-DC@eyJkeW5hbWljIjp0cnVlLCJjb250ZW50IjoicG9zdF9saW5rX3VybF9wYWdlIiwic2V0dGluZ3MiOnsicG9zdF9pZCI6IjY5In19@\u00a0\u00bb button_text=\u00a0\u00bbPRENDRE CONTACT\u00a0\u00bb button_alignment=\u00a0\u00bbcenter\u00a0\u00bb _builder_version=\u00a0\u00bb4.24.2&Prime; _dynamic_attributes=\u00a0\u00bbbutton_url\u00a0\u00bb _module_preset=\u00a0\u00bbdefault\u00a0\u00bb custom_button=\u00a0\u00bbon\u00a0\u00bb button_text_size=\u00a0\u00bb13px\u00a0\u00bb button_text_color=\u00a0\u00bb#000000&Prime; button_bg_color=\u00a0\u00bb#FFFFFF\u00a0\u00bb button_letter_spacing=\u00a0\u00bb2px\u00a0\u00bb button_font=\u00a0\u00bb|||on|||||\u00a0\u00bb custom_margin=\u00a0\u00bb40px|||||\u00a0\u00bb custom_padding=\u00a0\u00bb10px|24px|10px|24px|true|true\u00a0\u00bb locked=\u00a0\u00bboff\u00a0\u00bb global_colors_info=\u00a0\u00bb{}\u00a0\u00bb button_text_color__hover=\u00a0\u00bb#FFFFFF\u00a0\u00bb button_text_color__hover_enabled=\u00a0\u00bbon|hover\u00a0\u00bb button_bg_color__hover=\u00a0\u00bb#000000&Prime; button_bg_color__hover_enabled=\u00a0\u00bbon|hover\u00a0\u00bb button_border_color__hover=\u00a0\u00bb#000000&Prime; button_border_color__hover_enabled=\u00a0\u00bbon|hover\u00a0\u00bb][\/et_pb_button][dsm_button _builder_version=\u00a0\u00bb4.24.2&Prime; _module_preset=\u00a0\u00bbdefault\u00a0\u00bb global_colors_info=\u00a0\u00bb{}\u00a0\u00bb][\/dsm_button][\/et_pb_column][\/et_pb_row][\/et_pb_section]<\/p>\n","protected":false},"excerpt":{"rendered":"<p>FILMPrendre contactVous \u00eates int\u00e9ress\u00e9 par un rafra\u00eechissement ou une r\u00e9novation totale? Alors contactez-nous pour un s\u00e9ance sans engagement. E.C. DE SCHEPPER DESIGN TEAM se fera un plaisir de venir vous rencontrer ! Apr\u00e8s cette s\u00e9ance de brainstorming au cours de laquelle les exp\u00e9riences sont partag\u00e9es et les attentes r\u00e9pertori\u00e9es, nous d\u00e9veloppons un concept personnalis\u00e9 pour un \u00ab\u00a0int\u00e9rieur d&rsquo;exp\u00e9rience\u00a0\u00bbComment travaillons-nous?PLAN D&rsquo;\u00c9TAPES1. VISITEZ : Apr\u00e8s avoir pris contact, l&rsquo;un de nos architectes vous rendra visite sans engagement pour une s\u00e9ance de brainstorming! 2. L&rsquo;AVANT-PROJET : \u00ab\u00a0ECDS DESIGNTEAM\u00a0\u00bb cr\u00e9e un avant-projet avec une estimation pr\u00e9cis, afin d&rsquo;\u00e9viter des surprises. 3. CONCEPTION FINALE ET DEVIS : La conception est d\u00e9velopp\u00e9e en un conception final, en tenant compte des moindres d\u00e9tails. Apr\u00e8s approbation du conception final, un devis est pr\u00e9par\u00e9 ainsi qu&rsquo;un planning d\u00e9taill\u00e9. 4. EXECUTION : Apr\u00e8s approbation du devis, les dessins de production sont pr\u00e9par\u00e9s et les commandes sont pass\u00e9es. Le d\u00e9partement de production, \u00ab\u00a0ECDS FACTORY\u00a0\u00bb, commence la production des meubles, suivi par les travaux sur le chantier 5. SERVICE APRES-VENTE: Gr\u00e2ce \u00e0 nos propres \u00e9quipes de production et d&rsquo;installation, nous pouvons vous fournir un service apr\u00e8s-vente parfait. <div class=\"et_pb_module dsm_button dsm_button_0 et_pb_bg_layout_light\">\n\t\t\t\t\n\t\t\t\t\n\t\t\t\t\n\t\t\t\t\n\t\t\t\t\n\t\t\t\t\n\t\t\t\t<div class=\"et_pb_module_inner\">\n\t\t\t\t\t<div class=\"et_pb_button_module_wrappers dsm_button_0_wrapper  et_pb_module\">\n\t\t\t\t\n\t\t\t<\/div>\n\t\t\t\t<\/div>\n\t\t\t<\/div><\/p>\n","protected":false},"author":1,"featured_media":0,"parent":0,"menu_order":0,"comment_status":"closed","ping_status":"closed","template":"","meta":{"_et_pb_use_builder":"on","_et_pb_old_content":"","_et_gb_content_width":"","footnotes":""},"class_list":["post-1468","page","type-page","status-publish","hentry"],"_links":{"self":[{"href":"https:\/\/ecdeschepper.com\/fr\/wp-json\/wp\/v2\/pages\/1468","targetHints":{"allow":["GET"]}}],"collection":[{"href":"https:\/\/ecdeschepper.com\/fr\/wp-json\/wp\/v2\/pages"}],"about":[{"href":"https:\/\/ecdeschepper.com\/fr\/wp-json\/wp\/v2\/types\/page"}],"author":[{"embeddable":true,"href":"https:\/\/ecdeschepper.com\/fr\/wp-json\/wp\/v2\/users\/1"}],"replies":[{"embeddable":true,"href":"https:\/\/ecdeschepper.com\/fr\/wp-json\/wp\/v2\/comments?post=1468"}],"version-history":[{"count":24,"href":"https:\/\/ecdeschepper.com\/fr\/wp-json\/wp\/v2\/pages\/1468\/revisions"}],"predecessor-version":[{"id":2096,"href":"https:\/\/ecdeschepper.com\/fr\/wp-json\/wp\/v2\/pages\/1468\/revisions\/2096"}],"wp:attachment":[{"href":"https:\/\/ecdeschepper.com\/fr\/wp-json\/wp\/v2\/media?parent=1468"}],"curies":[{"name":"wp","href":"https:\/\/api.w.org\/{rel}","templated":true}]}}